{"id":417,"date":"2023-11-14T18:18:42","date_gmt":"2023-11-14T21:18:42","guid":{"rendered":"https:\/\/amghs.com.br\/portfolio\/?page_id=417"},"modified":"2023-11-14T19:05:02","modified_gmt":"2023-11-14T22:05:02","slug":"amghs-ui-ux-project-spotify","status":"publish","type":"page","link":"https:\/\/amghs.com.br\/portfolio\/amghs-ui-ux-project-spotify\/","title":{"rendered":"AMGHs \u2013  Ui\/Ux \u2013 Project Spotify"},"content":{"rendered":"\t\t<div data-elementor-type=\"wp-page\" data-elementor-id=\"417\" class=\"elementor elementor-417\">\n\t\t\t\t<div class=\"elementor-element elementor-element-07c7090 e-flex e-con-boxed e-con e-parent\" data-id=\"07c7090\" data-element_type=\"container\">\n\t\t\t\t\t<div class=\"e-con-inner\">\n\t\t<div class=\"elementor-element elementor-element-a009bd1 e-con-full e-flex e-con e-child\" data-id=\"a009bd1\" data-element_type=\"container\">\n\t\t\t\t<\/div>\n\t\t<div class=\"elementor-element elementor-element-76b2cc9 e-con-full e-flex e-con e-child\" data-id=\"76b2cc9\" data-element_type=\"container\">\n\t\t\t\t<div class=\"elementor-element elementor-element-1029eb5 elementor-widget elementor-widget-image\" data-id=\"1029eb5\" data-element_type=\"widget\" data-widget_type=\"image.default\">\n\t\t\t\t<div class=\"elementor-widget-container\">\n\t\t\t\t\t\t\t\t\t\t\t\t\t\t\t<img decoding=\"async\" src=\"https:\/\/amghs.com.br\/portfolio\/wp-content\/uploads\/elementor\/thumbs\/amghs-icon-purple-qf0in4co5ynmq49xina09ljlx4yjz3buv7vyduxm2o.png\" title=\"amghs-icon-purple\" alt=\"amghs-icon-purple\" loading=\"lazy\" \/>\t\t\t\t\t\t\t\t\t\t\t\t\t\t\t<\/div>\n\t\t\t\t<\/div>\n\t\t\t\t<\/div>\n\t\t<div class=\"elementor-element elementor-element-1fc26f7 e-con-full e-flex e-con e-child\" data-id=\"1fc26f7\" data-element_type=\"container\">\n\t\t\t\t<\/div>\n\t\t\t\t\t<\/div>\n\t\t\t\t<\/div>\n\t\t<div class=\"elementor-element elementor-element-78e4a66 e-flex e-con-boxed e-con e-parent\" data-id=\"78e4a66\" data-element_type=\"container\">\n\t\t\t\t\t<div class=\"e-con-inner\">\n\t\t\t\t<div class=\"elementor-element elementor-element-ca5ed65 elementor-widget elementor-widget-image\" data-id=\"ca5ed65\" data-element_type=\"widget\" data-widget_type=\"image.default\">\n\t\t\t\t<div class=\"elementor-widget-container\">\n\t\t\t\t\t\t\t\t\t\t\t\t\t\t\t<img fetchpriority=\"high\" decoding=\"async\" width=\"1920\" height=\"1080\" src=\"https:\/\/amghs.com.br\/portfolio\/wp-content\/uploads\/2023\/11\/amghs-ui-ux-project-spotify-1.jpg\" class=\"attachment-full size-full wp-image-427\" alt=\"\" srcset=\"https:\/\/amghs.com.br\/portfolio\/wp-content\/uploads\/2023\/11\/amghs-ui-ux-project-spotify-1.jpg 1920w, https:\/\/amghs.com.br\/portfolio\/wp-content\/uploads\/2023\/11\/amghs-ui-ux-project-spotify-1-300x169.jpg 300w, https:\/\/amghs.com.br\/portfolio\/wp-content\/uploads\/2023\/11\/amghs-ui-ux-project-spotify-1-1024x576.jpg 1024w, https:\/\/amghs.com.br\/portfolio\/wp-content\/uploads\/2023\/11\/amghs-ui-ux-project-spotify-1-768x432.jpg 768w, https:\/\/amghs.com.br\/portfolio\/wp-content\/uploads\/2023\/11\/amghs-ui-ux-project-spotify-1-1536x864.jpg 1536w\" sizes=\"(max-width: 1920px) 100vw, 1920px\" \/>\t\t\t\t\t\t\t\t\t\t\t\t\t\t\t<\/div>\n\t\t\t\t<\/div>\n\t\t\t\t<div class=\"elementor-element elementor-element-b9c4add elementor-hidden-desktop elementor-widget elementor-widget-heading\" data-id=\"b9c4add\" data-element_type=\"widget\" data-widget_type=\"heading.default\">\n\t\t\t\t<div class=\"elementor-widget-container\">\n\t\t\t\t\t<h5 class=\"elementor-heading-title elementor-size-default\">*Recomendo a visualiza\u00e7\u00e3o dessa p\u00e1gina em desktop<\/h5>\t\t\t\t<\/div>\n\t\t\t\t<\/div>\n\t\t\t\t\t<\/div>\n\t\t\t\t<\/div>\n\t\t<div class=\"elementor-element elementor-element-763e92f e-flex e-con-boxed e-con e-parent\" data-id=\"763e92f\" data-element_type=\"container\">\n\t\t\t\t\t<div class=\"e-con-inner\">\n\t\t\t\t<div class=\"elementor-element elementor-element-b845a46 elementor-widget elementor-widget-spacer\" data-id=\"b845a46\" data-element_type=\"widget\" data-widget_type=\"spacer.default\">\n\t\t\t\t<div class=\"elementor-widget-container\">\n\t\t\t\t\t\t\t<div class=\"elementor-spacer\">\n\t\t\t<div class=\"elementor-spacer-inner\"><\/div>\n\t\t<\/div>\n\t\t\t\t\t\t<\/div>\n\t\t\t\t<\/div>\n\t\t\t\t\t<\/div>\n\t\t\t\t<\/div>\n\t\t<div class=\"elementor-element elementor-element-21d733a e-flex e-con-boxed e-con e-parent\" data-id=\"21d733a\" data-element_type=\"container\">\n\t\t\t\t\t<div class=\"e-con-inner\">\n\t\t<div class=\"elementor-element elementor-element-487d692 e-con-full e-flex e-con e-child\" data-id=\"487d692\" data-element_type=\"container\">\n\t\t\t\t<div class=\"elementor-element elementor-element-d64dfa2 elementor-widget elementor-widget-text-editor\" data-id=\"d64dfa2\" data-element_type=\"widget\" data-widget_type=\"text-editor.default\">\n\t\t\t\t<div class=\"elementor-widget-container\">\n\t\t\t\t\t\t\t\t\t<div class=\"flex flex-grow flex-col max-w-full gap-3 gizmo:gap-0\"><div class=\"min-h-[20px] text-message peer flex flex-col items-start gap-3 whitespace-pre-wrap break-words peer-[.text-message]:mt-5 overflow-x-auto\" data-message-author-role=\"assistant\" data-message-id=\"d26bfd0e-2c4b-4d41-b0ed-32a028831153\"><div class=\"markdown prose w-full break-words dark:prose-invert dark\"><p>Neste prot\u00f3tipo tomei a liberdade de imaginar como seria uma atualiza\u00e7\u00e3o do Spotify que visa enriquecer a experi\u00eancia do usu\u00e1rio atrav\u00e9s da adi\u00e7\u00e3o de uma \u00e1rea social sem comprometer a estrutura principal do aplicativo. O layout permanece praticamente inalterado, garantindo familiaridade e evitando poss\u00edveis rejei\u00e7\u00f5es. A integra\u00e7\u00e3o da fun\u00e7\u00e3o social se concentra nos bot\u00f5es de intera\u00e7\u00e3o, combinando notifica\u00e7\u00f5es com home, mensagens e perfil.<\/p><p>No perfil do usu\u00e1rio, novos elementos s\u00e3o introduzidos para promover a intera\u00e7\u00e3o social. Amigos seguidores, perfis seguidos e sugest\u00f5es de conex\u00f5es baseadas em interesses musicais ampliam as conex\u00f5es entre os usu\u00e1rios. Um convite para conectar amigos atrav\u00e9s de e-mail ou Facebook refor\u00e7a a expans\u00e3o da rede social dentro do aplicativo.<\/p><p>A introdu\u00e7\u00e3o de um sistema de chat incorporado facilita as conversas entre os usu\u00e1rios, incentivando o compartilhamento de m\u00fasicas e \u00e1lbuns sem sair do aplicativo. A fun\u00e7\u00e3o de compartilhamento \u00e9 otimizada com uma janela de sele\u00e7\u00e3o de usu\u00e1rios, garantindo rapidez e precis\u00e3o na distribui\u00e7\u00e3o de recomenda\u00e7\u00f5es musicais.<\/p><p>Considerando a privacidade do usu\u00e1rio, a implementa\u00e7\u00e3o de status no perfil, como Online, Ocupado, Ausente e Offline, permite que os usu\u00e1rios controlem suas notifica\u00e7\u00f5es enquanto desfrutam da m\u00fasica, oferecendo flexibilidade e personaliza\u00e7\u00e3o.<\/p><p>Essas adi\u00e7\u00f5es s\u00e3o sutis, mantendo o foco principal do Spotify na reprodu\u00e7\u00e3o musical, evitando distra\u00e7\u00f5es excessivas. A introdu\u00e7\u00e3o gradual da fun\u00e7\u00e3o social busca melhorar a intera\u00e7\u00e3o entre os usu\u00e1rios, transformando o aplicativo em uma plataforma mais completa e socialmente envolvente, sem comprometer sua ess\u00eancia como um servi\u00e7o de streaming de m\u00fasica l\u00edder.<\/p><p><span style=\"color: #cc99ff;\"><a style=\"color: #cc99ff;\" href=\"#\">#spotify #ui-ux #amghs<\/a><\/span><\/p><\/div><\/div><\/div>\t\t\t\t\t\t\t\t<\/div>\n\t\t\t\t<\/div>\n\t\t\t\t<\/div>\n\t\t<div class=\"elementor-element elementor-element-c19ee15 e-con-full e-flex e-con e-child\" data-id=\"c19ee15\" data-element_type=\"container\">\n\t\t\t\t<div class=\"elementor-element elementor-element-56ef027 elementor-widget elementor-widget-image\" data-id=\"56ef027\" data-element_type=\"widget\" data-widget_type=\"image.default\">\n\t\t\t\t<div class=\"elementor-widget-container\">\n\t\t\t\t\t\t\t\t\t\t\t\t\t\t\t<img decoding=\"async\" src=\"https:\/\/amghs.com.br\/portfolio\/wp-content\/uploads\/elementor\/thumbs\/amghs-ui-ux-project-spotify-2-qfd808n9q89v2n5s4t0l2xf701msf5jwge7y7hmeio.png\" title=\"amghs-ui-ux-project-spotify-2\" alt=\"amghs-ui-ux-project-spotify-2\" loading=\"lazy\" \/>\t\t\t\t\t\t\t\t\t\t\t\t\t\t\t<\/div>\n\t\t\t\t<\/div>\n\t\t\t\t<\/div>\n\t\t\t\t\t<\/div>\n\t\t\t\t<\/div>\n\t\t<div class=\"elementor-element elementor-element-66b3ea5 e-flex e-con-boxed e-con e-parent\" data-id=\"66b3ea5\" data-element_type=\"container\">\n\t\t\t\t\t<div class=\"e-con-inner\">\n\t\t\t\t<div class=\"elementor-element elementor-element-5ad2c02 elementor-widget elementor-widget-spacer\" data-id=\"5ad2c02\" data-element_type=\"widget\" data-widget_type=\"spacer.default\">\n\t\t\t\t<div class=\"elementor-widget-container\">\n\t\t\t\t\t\t\t<div class=\"elementor-spacer\">\n\t\t\t<div class=\"elementor-spacer-inner\"><\/div>\n\t\t<\/div>\n\t\t\t\t\t\t<\/div>\n\t\t\t\t<\/div>\n\t\t\t\t\t<\/div>\n\t\t\t\t<\/div>\n\t\t<div class=\"elementor-element elementor-element-f706c5a e-flex e-con-boxed e-con e-parent\" data-id=\"f706c5a\" data-element_type=\"container\">\n\t\t\t\t\t<div class=\"e-con-inner\">\n\t\t\t\t<div class=\"elementor-element elementor-element-c8dfbf9 elementor-tabs-view-horizontal elementor-widget elementor-widget-tabs\" data-id=\"c8dfbf9\" data-element_type=\"widget\" data-widget_type=\"tabs.default\">\n\t\t\t\t<div class=\"elementor-widget-container\">\n\t\t\t\t\t\t\t<div class=\"elementor-tabs\">\n\t\t\t<div class=\"elementor-tabs-wrapper\" role=\"tablist\" >\n\t\t\t\t\t\t\t\t\t<div id=\"elementor-tab-title-2101\" class=\"elementor-tab-title elementor-tab-desktop-title\" aria-selected=\"true\" data-tab=\"1\" role=\"tab\" tabindex=\"0\" aria-controls=\"elementor-tab-content-2101\" aria-expanded=\"false\">Idle screen<\/div>\n\t\t\t\t\t\t\t\t\t<div id=\"elementor-tab-title-2102\" class=\"elementor-tab-title elementor-tab-desktop-title\" aria-selected=\"false\" data-tab=\"2\" role=\"tab\" tabindex=\"-1\" aria-controls=\"elementor-tab-content-2102\" aria-expanded=\"false\">Idle screen - elements<\/div>\n\t\t\t\t\t\t\t\t\t<div id=\"elementor-tab-title-2103\" class=\"elementor-tab-title elementor-tab-desktop-title\" aria-selected=\"false\" data-tab=\"3\" role=\"tab\" tabindex=\"-1\" aria-controls=\"elementor-tab-content-2103\" aria-expanded=\"false\">Messenger<\/div>\n\t\t\t\t\t\t\t\t\t<div id=\"elementor-tab-title-2104\" class=\"elementor-tab-title elementor-tab-desktop-title\" aria-selected=\"false\" data-tab=\"4\" role=\"tab\" tabindex=\"-1\" aria-controls=\"elementor-tab-content-2104\" aria-expanded=\"false\">Click interaction<\/div>\n\t\t\t\t\t\t\t\t\t<div id=\"elementor-tab-title-2105\" class=\"elementor-tab-title elementor-tab-desktop-title\" aria-selected=\"false\" data-tab=\"5\" role=\"tab\" tabindex=\"-1\" aria-controls=\"elementor-tab-content-2105\" aria-expanded=\"false\">Select share<\/div>\n\t\t\t\t\t\t\t\t\t<div id=\"elementor-tab-title-2106\" class=\"elementor-tab-title elementor-tab-desktop-title\" aria-selected=\"false\" data-tab=\"6\" role=\"tab\" tabindex=\"-1\" aria-controls=\"elementor-tab-content-2106\" aria-expanded=\"false\">Social panel<\/div>\n\t\t\t\t\t\t\t\t\t<div id=\"elementor-tab-title-2107\" class=\"elementor-tab-title elementor-tab-desktop-title\" aria-selected=\"false\" data-tab=\"7\" role=\"tab\" tabindex=\"-1\" aria-controls=\"elementor-tab-content-2107\" aria-expanded=\"false\">App<\/div>\n\t\t\t\t\t\t\t<\/div>\n\t\t\t<div class=\"elementor-tabs-content-wrapper\" role=\"tablist\" aria-orientation=\"vertical\">\n\t\t\t\t\t\t\t\t\t<div class=\"elementor-tab-title elementor-tab-mobile-title\" aria-selected=\"true\" data-tab=\"1\" role=\"tab\" tabindex=\"0\" aria-controls=\"elementor-tab-content-2101\" aria-expanded=\"false\">Idle screen<\/div>\n\t\t\t\t\t<div id=\"elementor-tab-content-2101\" class=\"elementor-tab-content elementor-clearfix\" data-tab=\"1\" role=\"tabpanel\" aria-labelledby=\"elementor-tab-title-2101\" tabindex=\"0\" hidden=\"false\"><img decoding=\"async\" src=\"https:\/\/amghs.com.br\/portfolio\/wp-content\/uploads\/2023\/11\/amghs-ui-ux-project-spotify-4.png\" \/><\/div>\n\t\t\t\t\t\t\t\t\t<div class=\"elementor-tab-title elementor-tab-mobile-title\" aria-selected=\"false\" data-tab=\"2\" role=\"tab\" tabindex=\"-1\" aria-controls=\"elementor-tab-content-2102\" aria-expanded=\"false\">Idle screen - elements<\/div>\n\t\t\t\t\t<div id=\"elementor-tab-content-2102\" class=\"elementor-tab-content elementor-clearfix\" data-tab=\"2\" role=\"tabpanel\" aria-labelledby=\"elementor-tab-title-2102\" tabindex=\"0\" hidden=\"hidden\"><img decoding=\"async\" src=\"https:\/\/amghs.com.br\/portfolio\/wp-content\/uploads\/2023\/11\/amghs-ui-ux-project-spotify-5.jpg\" \/><\/div>\n\t\t\t\t\t\t\t\t\t<div class=\"elementor-tab-title elementor-tab-mobile-title\" aria-selected=\"false\" data-tab=\"3\" role=\"tab\" tabindex=\"-1\" aria-controls=\"elementor-tab-content-2103\" aria-expanded=\"false\">Messenger<\/div>\n\t\t\t\t\t<div id=\"elementor-tab-content-2103\" class=\"elementor-tab-content elementor-clearfix\" data-tab=\"3\" role=\"tabpanel\" aria-labelledby=\"elementor-tab-title-2103\" tabindex=\"0\" hidden=\"hidden\"><img decoding=\"async\" src=\"https:\/\/amghs.com.br\/portfolio\/wp-content\/uploads\/2023\/11\/amghs-ui-ux-project-spotify-6.png\" \/><\/div>\n\t\t\t\t\t\t\t\t\t<div class=\"elementor-tab-title elementor-tab-mobile-title\" aria-selected=\"false\" data-tab=\"4\" role=\"tab\" tabindex=\"-1\" aria-controls=\"elementor-tab-content-2104\" aria-expanded=\"false\">Click interaction<\/div>\n\t\t\t\t\t<div id=\"elementor-tab-content-2104\" class=\"elementor-tab-content elementor-clearfix\" data-tab=\"4\" role=\"tabpanel\" aria-labelledby=\"elementor-tab-title-2104\" tabindex=\"0\" hidden=\"hidden\"><img decoding=\"async\" src=\"https:\/\/amghs.com.br\/portfolio\/wp-content\/uploads\/2023\/11\/amghs-ui-ux-project-spotify-7.png\" \/><\/div>\n\t\t\t\t\t\t\t\t\t<div class=\"elementor-tab-title elementor-tab-mobile-title\" aria-selected=\"false\" data-tab=\"5\" role=\"tab\" tabindex=\"-1\" aria-controls=\"elementor-tab-content-2105\" aria-expanded=\"false\">Select share<\/div>\n\t\t\t\t\t<div id=\"elementor-tab-content-2105\" class=\"elementor-tab-content elementor-clearfix\" data-tab=\"5\" role=\"tabpanel\" aria-labelledby=\"elementor-tab-title-2105\" tabindex=\"0\" hidden=\"hidden\"><img decoding=\"async\" src=\"https:\/\/amghs.com.br\/portfolio\/wp-content\/uploads\/2023\/11\/amghs-ui-ux-project-spotify-8.png\" \/><\/div>\n\t\t\t\t\t\t\t\t\t<div class=\"elementor-tab-title elementor-tab-mobile-title\" aria-selected=\"false\" data-tab=\"6\" role=\"tab\" tabindex=\"-1\" aria-controls=\"elementor-tab-content-2106\" aria-expanded=\"false\">Social panel<\/div>\n\t\t\t\t\t<div id=\"elementor-tab-content-2106\" class=\"elementor-tab-content elementor-clearfix\" data-tab=\"6\" role=\"tabpanel\" aria-labelledby=\"elementor-tab-title-2106\" tabindex=\"0\" hidden=\"hidden\"><img decoding=\"async\" src=\"https:\/\/amghs.com.br\/portfolio\/wp-content\/uploads\/2023\/11\/amghs-ui-ux-project-spotify-9.png\" \/><\/div>\n\t\t\t\t\t\t\t\t\t<div class=\"elementor-tab-title elementor-tab-mobile-title\" aria-selected=\"false\" data-tab=\"7\" role=\"tab\" tabindex=\"-1\" aria-controls=\"elementor-tab-content-2107\" aria-expanded=\"false\">App<\/div>\n\t\t\t\t\t<div id=\"elementor-tab-content-2107\" class=\"elementor-tab-content elementor-clearfix\" data-tab=\"7\" role=\"tabpanel\" aria-labelledby=\"elementor-tab-title-2107\" tabindex=\"0\" hidden=\"hidden\"><img decoding=\"async\" src=\"https:\/\/amghs.com.br\/portfolio\/wp-content\/uploads\/2023\/11\/amghs-ui-ux-project-spotify-10.jpg\" \/><\/div>\n\t\t\t\t\t\t\t<\/div>\n\t\t<\/div>\n\t\t\t\t\t\t<\/div>\n\t\t\t\t<\/div>\n\t\t\t\t\t<\/div>\n\t\t\t\t<\/div>\n\t\t<div class=\"elementor-element elementor-element-298910e e-flex e-con-boxed e-con e-parent\" data-id=\"298910e\" data-element_type=\"container\">\n\t\t\t\t\t<div class=\"e-con-inner\">\n\t\t\t\t<div class=\"elementor-element elementor-element-9620a82 elementor-widget elementor-widget-spacer\" data-id=\"9620a82\" data-element_type=\"widget\" data-widget_type=\"spacer.default\">\n\t\t\t\t<div class=\"elementor-widget-container\">\n\t\t\t\t\t\t\t<div class=\"elementor-spacer\">\n\t\t\t<div class=\"elementor-spacer-inner\"><\/div>\n\t\t<\/div>\n\t\t\t\t\t\t<\/div>\n\t\t\t\t<\/div>\n\t\t\t\t\t<\/div>\n\t\t\t\t<\/div>\n\t\t<div class=\"elementor-element elementor-element-71777db e-flex e-con-boxed e-con e-parent\" data-id=\"71777db\" data-element_type=\"container\">\n\t\t\t\t\t<div class=\"e-con-inner\">\n\t\t\t\t<div class=\"elementor-element elementor-element-6aec4b1 elementor-widget elementor-widget-image\" data-id=\"6aec4b1\" data-element_type=\"widget\" data-widget_type=\"image.default\">\n\t\t\t\t<div class=\"elementor-widget-container\">\n\t\t\t\t\t\t\t\t\t\t\t\t\t\t\t<img decoding=\"async\" width=\"1920\" height=\"1080\" src=\"https:\/\/amghs.com.br\/portfolio\/wp-content\/uploads\/2023\/11\/amghs-ui-ux-project-spotify-3.jpg\" class=\"attachment-full size-full wp-image-437\" alt=\"\" srcset=\"https:\/\/amghs.com.br\/portfolio\/wp-content\/uploads\/2023\/11\/amghs-ui-ux-project-spotify-3.jpg 1920w, https:\/\/amghs.com.br\/portfolio\/wp-content\/uploads\/2023\/11\/amghs-ui-ux-project-spotify-3-300x169.jpg 300w, https:\/\/amghs.com.br\/portfolio\/wp-content\/uploads\/2023\/11\/amghs-ui-ux-project-spotify-3-1024x576.jpg 1024w, https:\/\/amghs.com.br\/portfolio\/wp-content\/uploads\/2023\/11\/amghs-ui-ux-project-spotify-3-768x432.jpg 768w, https:\/\/amghs.com.br\/portfolio\/wp-content\/uploads\/2023\/11\/amghs-ui-ux-project-spotify-3-1536x864.jpg 1536w\" sizes=\"(max-width: 1920px) 100vw, 1920px\" \/>\t\t\t\t\t\t\t\t\t\t\t\t\t\t\t<\/div>\n\t\t\t\t<\/div>\n\t\t\t\t<div class=\"elementor-element elementor-element-6a5a9fc elementor-widget elementor-widget-heading\" data-id=\"6a5a9fc\" data-element_type=\"widget\" data-widget_type=\"heading.default\">\n\t\t\t\t<div class=\"elementor-widget-container\">\n\t\t\t\t\t<h6 class=\"elementor-heading-title elementor-size-default\">Disclaimer: este prot\u00f3tipo \u00e9 apenas uma concep\u00e7\u00e3o de uma ideia executado em um dos n\u00facleos da minha p\u00f3s-gradua\u00e7\u00e3o.<\/h6>\t\t\t\t<\/div>\n\t\t\t\t<\/div>\n\t\t\t\t<div class=\"elementor-element elementor-element-4cd4230 elementor-widget elementor-widget-heading\" data-id=\"4cd4230\" data-element_type=\"widget\" data-widget_type=\"heading.default\">\n\t\t\t\t<div class=\"elementor-widget-container\">\n\t\t\t\t\t<h6 class=\"elementor-heading-title elementor-size-default\">Se um dia algu\u00e9m da equipe Spotify ver este prot\u00f3tipo e quiser trocar uma ideia, estou super a disposi\u00e7\u00e3o \ud83d\ude0e<\/h6>\t\t\t\t<\/div>\n\t\t\t\t<\/div>\n\t\t\t\t\t<\/div>\n\t\t\t\t<\/div>\n\t\t<div class=\"elementor-element elementor-element-cec7141 e-flex e-con-boxed e-con e-parent\" data-id=\"cec7141\" data-element_type=\"container\">\n\t\t\t\t\t<div class=\"e-con-inner\">\n\t\t\t\t<div class=\"elementor-element elementor-element-3b8ca6f elementor-widget elementor-widget-spacer\" data-id=\"3b8ca6f\" data-element_type=\"widget\" data-widget_type=\"spacer.default\">\n\t\t\t\t<div class=\"elementor-widget-container\">\n\t\t\t\t\t\t\t<div class=\"elementor-spacer\">\n\t\t\t<div class=\"elementor-spacer-inner\"><\/div>\n\t\t<\/div>\n\t\t\t\t\t\t<\/div>\n\t\t\t\t<\/div>\n\t\t\t\t\t<\/div>\n\t\t\t\t<\/div>\n\t\t<div class=\"elementor-element elementor-element-3f7bf174 e-flex e-con-boxed e-con e-parent\" data-id=\"3f7bf174\" data-element_type=\"container\">\n\t\t\t\t\t<div class=\"e-con-inner\">\n\t\t<div class=\"elementor-element elementor-element-550c5ea2 e-con-full e-flex e-con e-child\" data-id=\"550c5ea2\" data-element_type=\"container\">\n\t\t\t\t<\/div>\n\t\t<div class=\"elementor-element elementor-element-697796bd e-con-full e-flex e-con e-child\" data-id=\"697796bd\" data-element_type=\"container\">\n\t\t\t\t<div class=\"elementor-element elementor-element-1410792b elementor-align-center elementor-widget elementor-widget-button\" data-id=\"1410792b\" data-element_type=\"widget\" data-widget_type=\"button.default\">\n\t\t\t\t<div class=\"elementor-widget-container\">\n\t\t\t\t\t\t\t\t\t<div class=\"elementor-button-wrapper\">\n\t\t\t\t\t<a class=\"elementor-button elementor-button-link elementor-size-md\" href=\"https:\/\/amghs.com.br\/portfolio#web\">\n\t\t\t\t\t\t<span class=\"elementor-button-content-wrapper\">\n\t\t\t\t\t\t<span class=\"elementor-button-icon\">\n\t\t\t\t<i aria-hidden=\"true\" class=\"fas fa-arrow-left\"><\/i>\t\t\t<\/span>\n\t\t\t\t\t\t\t\t\t<span class=\"elementor-button-text\">Retornar ao Portf\u00f3lio<\/span>\n\t\t\t\t\t<\/span>\n\t\t\t\t\t<\/a>\n\t\t\t\t<\/div>\n\t\t\t\t\t\t\t\t<\/div>\n\t\t\t\t<\/div>\n\t\t\t\t<\/div>\n\t\t<div class=\"elementor-element elementor-element-679ef155 e-con-full e-flex e-con e-child\" data-id=\"679ef155\" data-element_type=\"container\">\n\t\t\t\t<\/div>\n\t\t\t\t\t<\/div>\n\t\t\t\t<\/div>\n\t\t<div class=\"elementor-element elementor-element-fea006e e-flex e-con-boxed e-con e-parent\" data-id=\"fea006e\" data-element_type=\"container\">\n\t\t\t\t\t<div class=\"e-con-inner\">\n\t\t\t\t<div class=\"elementor-element elementor-element-05fa449 elementor-widget elementor-widget-spacer\" data-id=\"05fa449\" data-element_type=\"widget\" data-widget_type=\"spacer.default\">\n\t\t\t\t<div class=\"elementor-widget-container\">\n\t\t\t\t\t\t\t<div class=\"elementor-spacer\">\n\t\t\t<div class=\"elementor-spacer-inner\"><\/div>\n\t\t<\/div>\n\t\t\t\t\t\t<\/div>\n\t\t\t\t<\/div>\n\t\t\t\t\t<\/div>\n\t\t\t\t<\/div>\n\t\t<div class=\"elementor-element elementor-element-27f7771a e-flex e-con-boxed e-con e-parent\" data-id=\"27f7771a\" data-element_type=\"container\">\n\t\t\t\t\t<div class=\"e-con-inner\">\n\t\t<div class=\"elementor-element elementor-element-57ab1296 e-con-full e-flex e-con e-child\" data-id=\"57ab1296\" data-element_type=\"container\">\n\t\t\t\t<div class=\"elementor-element elementor-element-4186cb94 elementor-widget elementor-widget-text-editor\" data-id=\"4186cb94\" data-element_type=\"widget\" data-widget_type=\"text-editor.default\">\n\t\t\t\t<div class=\"elementor-widget-container\">\n\t\t\t\t\t\t\t\t\tAMGHs &#8211; All rights reserved\t\t\t\t\t\t\t\t<\/div>\n\t\t\t\t<\/div>\n\t\t\t\t<\/div>\n\t\t<div class=\"elementor-element elementor-element-55785868 e-con-full e-flex e-con e-child\" data-id=\"55785868\" data-element_type=\"container\">\n\t\t\t\t<div class=\"elementor-element elementor-element-28008431 elementor-widget elementor-widget-image\" data-id=\"28008431\" data-element_type=\"widget\" data-widget_type=\"image.default\">\n\t\t\t\t<div class=\"elementor-widget-container\">\n\t\t\t\t\t\t\t\t\t\t\t\t\t\t\t<img decoding=\"async\" src=\"https:\/\/amghs.com.br\/portfolio\/wp-content\/uploads\/elementor\/thumbs\/amghs-icon-white-qf0igxkx6868y39awez2ybvuufmeues32h5i4k7pc0.png\" title=\"amghs-icon-white\" alt=\"amghs-icon-white\" loading=\"lazy\" \/>\t\t\t\t\t\t\t\t\t\t\t\t\t\t\t<\/div>\n\t\t\t\t<\/div>\n\t\t\t\t<\/div>\n\t\t<div class=\"elementor-element elementor-element-2a678c94 e-con-full e-flex e-con e-child\" data-id=\"2a678c94\" data-element_type=\"container\">\n\t\t\t\t<div class=\"elementor-element elementor-element-36afb73d elementor-widget elementor-widget-text-editor\" data-id=\"36afb73d\" data-element_type=\"widget\" data-widget_type=\"text-editor.default\">\n\t\t\t\t<div class=\"elementor-widget-container\">\n\t\t\t\t\t\t\t\t\tDesign by: <a href=\"https:\/\/amghs.com.br\">AMGHs<\/a>\t\t\t\t\t\t\t\t<\/div>\n\t\t\t\t<\/div>\n\t\t\t\t<\/div>\n\t\t\t\t\t<\/div>\n\t\t\t\t<\/div>\n\t\t\t\t<\/div>\n\t\t","protected":false},"excerpt":{"rendered":"<p>*Recomendo a visualiza\u00e7\u00e3o dessa p\u00e1gina em desktop Neste prot\u00f3tipo tomei a liberdade de imaginar como seria uma atualiza\u00e7\u00e3o do Spotify que visa enriquecer a experi\u00eancia do usu\u00e1rio atrav\u00e9s da adi\u00e7\u00e3o de uma \u00e1rea social sem comprometer a estrutura principal do aplicativo. O layout permanece praticamente inalterado, garantindo familiaridade e evitando poss\u00edveis rejei\u00e7\u00f5es. A integra\u00e7\u00e3o da [&hellip;]<\/p>\n","protected":false},"author":1,"featured_media":0,"parent":0,"menu_order":0,"comment_status":"closed","ping_status":"closed","template":"elementor_canvas","meta":{"footnotes":""},"class_list":["post-417","page","type-page","status-publish","hentry"],"_links":{"self":[{"href":"https:\/\/amghs.com.br\/portfolio\/wp-json\/wp\/v2\/pages\/417","targetHints":{"allow":["GET"]}}],"collection":[{"href":"https:\/\/amghs.com.br\/portfolio\/wp-json\/wp\/v2\/pages"}],"about":[{"href":"https:\/\/amghs.com.br\/portfolio\/wp-json\/wp\/v2\/types\/page"}],"author":[{"embeddable":true,"href":"https:\/\/amghs.com.br\/portfolio\/wp-json\/wp\/v2\/users\/1"}],"replies":[{"embeddable":true,"href":"https:\/\/amghs.com.br\/portfolio\/wp-json\/wp\/v2\/comments?post=417"}],"version-history":[{"count":26,"href":"https:\/\/amghs.com.br\/portfolio\/wp-json\/wp\/v2\/pages\/417\/revisions"}],"predecessor-version":[{"id":457,"href":"https:\/\/amghs.com.br\/portfolio\/wp-json\/wp\/v2\/pages\/417\/revisions\/457"}],"wp:attachment":[{"href":"https:\/\/amghs.com.br\/portfolio\/wp-json\/wp\/v2\/media?parent=417"}],"curies":[{"name":"wp","href":"https:\/\/api.w.org\/{rel}","templated":true}]}}