{"id":535,"date":"2023-11-17T16:01:46","date_gmt":"2023-11-17T19:01:46","guid":{"rendered":"https:\/\/amghs.com.br\/portfolio\/?page_id=535"},"modified":"2023-11-29T17:37:52","modified_gmt":"2023-11-29T20:37:52","slug":"amghs-branding-serve","status":"publish","type":"page","link":"https:\/\/amghs.com.br\/portfolio\/amghs-branding-serve\/","title":{"rendered":"AMGHs \u2013 Branding &#8211; Serve"},"content":{"rendered":"\t\t<div data-elementor-type=\"wp-page\" data-elementor-id=\"535\" class=\"elementor elementor-535\">\n\t\t\t\t<div class=\"elementor-element elementor-element-b83979d e-flex e-con-boxed e-con e-parent\" data-id=\"b83979d\" data-element_type=\"container\">\n\t\t\t\t\t<div class=\"e-con-inner\">\n\t\t<div class=\"elementor-element elementor-element-e04024b e-con-full e-flex e-con e-child\" data-id=\"e04024b\" data-element_type=\"container\">\n\t\t\t\t<\/div>\n\t\t<div class=\"elementor-element elementor-element-9e48dd8 e-con-full e-flex e-con e-child\" data-id=\"9e48dd8\" data-element_type=\"container\">\n\t\t\t\t<div class=\"elementor-element elementor-element-ca9d368 elementor-widget elementor-widget-image\" data-id=\"ca9d368\" data-element_type=\"widget\" data-widget_type=\"image.default\">\n\t\t\t\t<div class=\"elementor-widget-container\">\n\t\t\t\t\t\t\t\t\t\t\t\t\t\t\t<img decoding=\"async\" src=\"https:\/\/amghs.com.br\/portfolio\/wp-content\/uploads\/elementor\/thumbs\/amghs-icon-purple-qf0in4co5ynmq49xina09ljlx4yjz3buv7vyduxm2o.png\" title=\"amghs-icon-purple\" alt=\"amghs-icon-purple\" loading=\"lazy\" \/>\t\t\t\t\t\t\t\t\t\t\t\t\t\t\t<\/div>\n\t\t\t\t<\/div>\n\t\t\t\t<\/div>\n\t\t<div class=\"elementor-element elementor-element-1b53027 e-con-full e-flex e-con e-child\" data-id=\"1b53027\" data-element_type=\"container\">\n\t\t\t\t<\/div>\n\t\t\t\t\t<\/div>\n\t\t\t\t<\/div>\n\t\t<div class=\"elementor-element elementor-element-ae29f66 e-flex e-con-boxed e-con e-parent\" data-id=\"ae29f66\" data-element_type=\"container\">\n\t\t\t\t\t<div class=\"e-con-inner\">\n\t\t\t\t<div class=\"elementor-element elementor-element-211443d elementor-widget elementor-widget-image\" data-id=\"211443d\" data-element_type=\"widget\" data-widget_type=\"image.default\">\n\t\t\t\t<div class=\"elementor-widget-container\">\n\t\t\t\t\t\t\t\t\t\t\t\t\t\t\t<img fetchpriority=\"high\" decoding=\"async\" width=\"1920\" height=\"1080\" src=\"https:\/\/amghs.com.br\/portfolio\/wp-content\/uploads\/2023\/11\/amghs-branding-serve-1.jpg\" class=\"attachment-full size-full wp-image-608\" alt=\"\" srcset=\"https:\/\/amghs.com.br\/portfolio\/wp-content\/uploads\/2023\/11\/amghs-branding-serve-1.jpg 1920w, https:\/\/amghs.com.br\/portfolio\/wp-content\/uploads\/2023\/11\/amghs-branding-serve-1-300x169.jpg 300w, https:\/\/amghs.com.br\/portfolio\/wp-content\/uploads\/2023\/11\/amghs-branding-serve-1-1024x576.jpg 1024w, https:\/\/amghs.com.br\/portfolio\/wp-content\/uploads\/2023\/11\/amghs-branding-serve-1-768x432.jpg 768w, https:\/\/amghs.com.br\/portfolio\/wp-content\/uploads\/2023\/11\/amghs-branding-serve-1-1536x864.jpg 1536w\" sizes=\"(max-width: 1920px) 100vw, 1920px\" \/>\t\t\t\t\t\t\t\t\t\t\t\t\t\t\t<\/div>\n\t\t\t\t<\/div>\n\t\t\t\t<div class=\"elementor-element elementor-element-3e7cecd elementor-hidden-desktop elementor-widget elementor-widget-heading\" data-id=\"3e7cecd\" data-element_type=\"widget\" data-widget_type=\"heading.default\">\n\t\t\t\t<div class=\"elementor-widget-container\">\n\t\t\t\t\t<h6 class=\"elementor-heading-title elementor-size-default\">*recomendo a visualiza\u00e7\u00e3o em desktop<\/h6>\t\t\t\t<\/div>\n\t\t\t\t<\/div>\n\t\t\t\t\t<\/div>\n\t\t\t\t<\/div>\n\t\t<div class=\"elementor-element elementor-element-667c8ba e-flex e-con-boxed e-con e-parent\" data-id=\"667c8ba\" data-element_type=\"container\">\n\t\t\t\t\t<div class=\"e-con-inner\">\n\t\t\t\t<div class=\"elementor-element elementor-element-02eb29a elementor-widget elementor-widget-spacer\" data-id=\"02eb29a\" data-element_type=\"widget\" data-widget_type=\"spacer.default\">\n\t\t\t\t<div class=\"elementor-widget-container\">\n\t\t\t\t\t\t\t<div class=\"elementor-spacer\">\n\t\t\t<div class=\"elementor-spacer-inner\"><\/div>\n\t\t<\/div>\n\t\t\t\t\t\t<\/div>\n\t\t\t\t<\/div>\n\t\t\t\t\t<\/div>\n\t\t\t\t<\/div>\n\t\t<div class=\"elementor-element elementor-element-fa05c66 e-flex e-con-boxed e-con e-parent\" data-id=\"fa05c66\" data-element_type=\"container\">\n\t\t\t\t\t<div class=\"e-con-inner\">\n\t\t<div class=\"elementor-element elementor-element-4593be6 e-con-full e-flex e-con e-child\" data-id=\"4593be6\" data-element_type=\"container\">\n\t\t\t\t<div class=\"elementor-element elementor-element-59b6ec4 elementor-widget elementor-widget-text-editor\" data-id=\"59b6ec4\" data-element_type=\"widget\" data-widget_type=\"text-editor.default\">\n\t\t\t\t<div class=\"elementor-widget-container\">\n\t\t\t\t\t\t\t\t\t<p>NF Services era uma empresa focada em solu\u00e7\u00f5es de Nota fiscal eletr\u00f4nica que se\u00a0 transformou em Serve,\u00a0 uma empresa que passa oferecer varias solu\u00e7\u00f5es e assim redefini sua identidade para refletir uma abordagem mais abrangente e focada em mais de uma solu\u00e7\u00e3o. Com um olhar atento \u00e0s demandas din\u00e2micas do mercado, a Serve se apresenta como uma empresa que &#8220;serve&#8221; para todas as suas necessidades empresariais.<\/p><p>A marca Serve simboliza uma vis\u00e3o renovada, centrada na versatilidade, praticidade e efici\u00eancia. Seja no gerenciamento e emiss\u00e3o de notas fiscais, na gest\u00e3o de estoque, na facilita\u00e7\u00e3o de opera\u00e7\u00f5es de delivery ou no aprimoramento dos sistemas de comandas para restaurantes, a Serve \u00e9 a resposta abrangente para os desafios operacionais modernos.<\/p><p>Ao adotar a alcunha de Serve, a empresa refor\u00e7a seu compromisso em oferecer solu\u00e7\u00f5es integradas que transcendem as fronteiras tradicionais dos servi\u00e7os cont\u00e1beis. A marca agora representa um parceiro estrat\u00e9gico que compreende as complexidades do ambiente empresarial, adaptando-se de maneira \u00e1gil e proporcionando ferramentas que simplificam processos e impulsionam o crescimento.<\/p>\t\t\t\t\t\t\t\t<\/div>\n\t\t\t\t<\/div>\n\t\t\t\t<\/div>\n\t\t<div class=\"elementor-element elementor-element-70c6159 e-con-full e-flex e-con e-child\" data-id=\"70c6159\" data-element_type=\"container\">\n\t\t\t\t<div class=\"elementor-element elementor-element-47017e8 elementor-widget elementor-widget-text-editor\" data-id=\"47017e8\" data-element_type=\"widget\" data-widget_type=\"text-editor.default\">\n\t\t\t\t<div class=\"elementor-widget-container\">\n\t\t\t\t\t\t\t\t\t<p>Seu signo visual foi concebido em forma de um &#8220;visto&#8221; ou check, comumente utilizado para marcamos que algo foi resolvido ou esta certo, juntando esta representa\u00e7\u00e3o visual com a palavra Serve, temos uma composi\u00e7\u00e3o que informa que os servi\u00e7os te servem, seja qual for sua necessidade. <br \/><br \/>O &#8220;visto&#8221; da Serve \u00e9 mais do que um s\u00edmbolo; \u00e9 a garantia de confian\u00e7a e confiabilidade. Independentemente do setor ou do tamanho da sua empresa, a Serve est\u00e1 comprometida em oferecer solu\u00e7\u00f5es sob medida que n\u00e3o apenas atendam, mas superem suas expectativas.<\/p><p>A Serve n\u00e3o \u00e9 apenas uma marca, \u00e9 uma mentalidade de inova\u00e7\u00e3o cont\u00ednua.\u00a0<\/p><p>Por fim, a Serve apresenta sua nova face, mantendo a excel\u00eancia empresarial. Seja qual for a sua necessidade, a Serve est\u00e1 pronta para transformar desafios em oportunidades e conduzir sua empresa em dire\u00e7\u00e3o a um futuro pr\u00f3spero.<\/p><p><span style=\"color: #cc99ff;\"><a style=\"color: #cc99ff;\" href=\"#\">#amghs #rebranding #marca #logotipo<\/a><\/span><\/p>\t\t\t\t\t\t\t\t<\/div>\n\t\t\t\t<\/div>\n\t\t\t\t<\/div>\n\t\t\t\t\t<\/div>\n\t\t\t\t<\/div>\n\t\t<div class=\"elementor-element elementor-element-0e0932a e-flex e-con-boxed e-con e-parent\" data-id=\"0e0932a\" data-element_type=\"container\">\n\t\t\t\t\t<div class=\"e-con-inner\">\n\t\t\t\t<div class=\"elementor-element elementor-element-badb036 elementor-widget elementor-widget-spacer\" data-id=\"badb036\" data-element_type=\"widget\" data-widget_type=\"spacer.default\">\n\t\t\t\t<div class=\"elementor-widget-container\">\n\t\t\t\t\t\t\t<div class=\"elementor-spacer\">\n\t\t\t<div class=\"elementor-spacer-inner\"><\/div>\n\t\t<\/div>\n\t\t\t\t\t\t<\/div>\n\t\t\t\t<\/div>\n\t\t\t\t<div class=\"elementor-element elementor-element-f78f3e4 elementor-widget elementor-widget-heading\" data-id=\"f78f3e4\" data-element_type=\"widget\" data-widget_type=\"heading.default\">\n\t\t\t\t<div class=\"elementor-widget-container\">\n\t\t\t\t\t<h3 class=\"elementor-heading-title elementor-size-default\">Manual de identidade visual<\/h3>\t\t\t\t<\/div>\n\t\t\t\t<\/div>\n\t\t\t\t\t<\/div>\n\t\t\t\t<\/div>\n\t\t<div class=\"elementor-element elementor-element-4128d2a e-flex e-con-boxed e-con e-parent\" data-id=\"4128d2a\" data-element_type=\"container\">\n\t\t\t\t\t<div class=\"e-con-inner\">\n\t\t\t\t<div class=\"elementor-element elementor-element-036dda3 elementor-widget elementor-widget-image\" data-id=\"036dda3\" data-element_type=\"widget\" data-widget_type=\"image.default\">\n\t\t\t\t<div class=\"elementor-widget-container\">\n\t\t\t\t\t\t\t\t\t\t\t\t\t\t\t<img decoding=\"async\" width=\"1920\" height=\"1080\" src=\"https:\/\/amghs.com.br\/portfolio\/wp-content\/uploads\/2023\/11\/amghs-branding-serve-2.jpg\" class=\"attachment-full size-full wp-image-609\" alt=\"\" srcset=\"https:\/\/amghs.com.br\/portfolio\/wp-content\/uploads\/2023\/11\/amghs-branding-serve-2.jpg 1920w, https:\/\/amghs.com.br\/portfolio\/wp-content\/uploads\/2023\/11\/amghs-branding-serve-2-300x169.jpg 300w, https:\/\/amghs.com.br\/portfolio\/wp-content\/uploads\/2023\/11\/amghs-branding-serve-2-1024x576.jpg 1024w, https:\/\/amghs.com.br\/portfolio\/wp-content\/uploads\/2023\/11\/amghs-branding-serve-2-768x432.jpg 768w, https:\/\/amghs.com.br\/portfolio\/wp-content\/uploads\/2023\/11\/amghs-branding-serve-2-1536x864.jpg 1536w\" sizes=\"(max-width: 1920px) 100vw, 1920px\" \/>\t\t\t\t\t\t\t\t\t\t\t\t\t\t\t<\/div>\n\t\t\t\t<\/div>\n\t\t\t\t<div class=\"elementor-element elementor-element-de516e8 elementor-widget elementor-widget-text-editor\" data-id=\"de516e8\" data-element_type=\"widget\" data-widget_type=\"text-editor.default\">\n\t\t\t\t<div class=\"elementor-widget-container\">\n\t\t\t\t\t\t\t\t\t<p>A Serve possui v\u00e1rios planos para seus servi\u00e7os e pensado nisso desenvolvi varia\u00e7\u00f5es sutis do seu logotipo, apresentando o nome de cada pacote e dando a cada um, uma cor de representa\u00e7\u00e3o, facilitando assim usu\u00e1rios a notarem que existe planos diferentes, que oferecem funcionalidade especificas.<\/p>\t\t\t\t\t\t\t\t<\/div>\n\t\t\t\t<\/div>\n\t\t\t\t\t<\/div>\n\t\t\t\t<\/div>\n\t\t<div class=\"elementor-element elementor-element-101d825 e-flex e-con-boxed e-con e-parent\" data-id=\"101d825\" data-element_type=\"container\">\n\t\t\t\t\t<div class=\"e-con-inner\">\n\t\t\t\t<div class=\"elementor-element elementor-element-e129f22 elementor-widget elementor-widget-spacer\" data-id=\"e129f22\" data-element_type=\"widget\" data-widget_type=\"spacer.default\">\n\t\t\t\t<div class=\"elementor-widget-container\">\n\t\t\t\t\t\t\t<div class=\"elementor-spacer\">\n\t\t\t<div class=\"elementor-spacer-inner\"><\/div>\n\t\t<\/div>\n\t\t\t\t\t\t<\/div>\n\t\t\t\t<\/div>\n\t\t\t\t\t<\/div>\n\t\t\t\t<\/div>\n\t\t<div class=\"elementor-element elementor-element-6b332315 e-flex e-con-boxed e-con e-parent\" data-id=\"6b332315\" data-element_type=\"container\">\n\t\t\t\t\t<div class=\"e-con-inner\">\n\t\t<div class=\"elementor-element elementor-element-3e399499 e-con-full e-flex e-con e-child\" data-id=\"3e399499\" data-element_type=\"container\">\n\t\t\t\t<\/div>\n\t\t<div class=\"elementor-element elementor-element-58aad319 e-con-full e-flex e-con e-child\" data-id=\"58aad319\" data-element_type=\"container\">\n\t\t\t\t<div class=\"elementor-element elementor-element-610a0049 elementor-align-center elementor-widget elementor-widget-button\" data-id=\"610a0049\" data-element_type=\"widget\" data-widget_type=\"button.default\">\n\t\t\t\t<div class=\"elementor-widget-container\">\n\t\t\t\t\t\t\t\t\t<div class=\"elementor-button-wrapper\">\n\t\t\t\t\t<a class=\"elementor-button elementor-button-link elementor-size-md\" href=\"https:\/\/amghs.com.br\/portfolio#branding\">\n\t\t\t\t\t\t<span class=\"elementor-button-content-wrapper\">\n\t\t\t\t\t\t<span class=\"elementor-button-icon\">\n\t\t\t\t<i aria-hidden=\"true\" class=\"fas fa-arrow-left\"><\/i>\t\t\t<\/span>\n\t\t\t\t\t\t\t\t\t<span class=\"elementor-button-text\">Retornar ao Portf\u00f3lio<\/span>\n\t\t\t\t\t<\/span>\n\t\t\t\t\t<\/a>\n\t\t\t\t<\/div>\n\t\t\t\t\t\t\t\t<\/div>\n\t\t\t\t<\/div>\n\t\t\t\t<\/div>\n\t\t<div class=\"elementor-element elementor-element-19d70d3d e-con-full e-flex e-con e-child\" data-id=\"19d70d3d\" data-element_type=\"container\">\n\t\t\t\t<\/div>\n\t\t\t\t\t<\/div>\n\t\t\t\t<\/div>\n\t\t<div class=\"elementor-element elementor-element-45fee2d e-flex e-con-boxed e-con e-parent\" data-id=\"45fee2d\" data-element_type=\"container\">\n\t\t\t\t\t<div class=\"e-con-inner\">\n\t\t\t\t<div class=\"elementor-element elementor-element-b5708b0 elementor-widget elementor-widget-spacer\" data-id=\"b5708b0\" data-element_type=\"widget\" data-widget_type=\"spacer.default\">\n\t\t\t\t<div class=\"elementor-widget-container\">\n\t\t\t\t\t\t\t<div class=\"elementor-spacer\">\n\t\t\t<div class=\"elementor-spacer-inner\"><\/div>\n\t\t<\/div>\n\t\t\t\t\t\t<\/div>\n\t\t\t\t<\/div>\n\t\t\t\t\t<\/div>\n\t\t\t\t<\/div>\n\t\t<div class=\"elementor-element elementor-element-52c847a8 e-flex e-con-boxed e-con e-parent\" data-id=\"52c847a8\" data-element_type=\"container\">\n\t\t\t\t\t<div class=\"e-con-inner\">\n\t\t<div class=\"elementor-element elementor-element-49b6f5ae e-con-full e-flex e-con e-child\" data-id=\"49b6f5ae\" data-element_type=\"container\">\n\t\t\t\t<div class=\"elementor-element elementor-element-40eba245 elementor-widget elementor-widget-text-editor\" data-id=\"40eba245\" data-element_type=\"widget\" data-widget_type=\"text-editor.default\">\n\t\t\t\t<div class=\"elementor-widget-container\">\n\t\t\t\t\t\t\t\t\tAMGHs &#8211; All rights reserved\t\t\t\t\t\t\t\t<\/div>\n\t\t\t\t<\/div>\n\t\t\t\t<\/div>\n\t\t<div class=\"elementor-element elementor-element-19e0eb66 e-con-full e-flex e-con e-child\" data-id=\"19e0eb66\" data-element_type=\"container\">\n\t\t\t\t<div class=\"elementor-element elementor-element-57004128 elementor-widget elementor-widget-image\" data-id=\"57004128\" data-element_type=\"widget\" data-widget_type=\"image.default\">\n\t\t\t\t<div class=\"elementor-widget-container\">\n\t\t\t\t\t\t\t\t\t\t\t\t\t\t\t<img decoding=\"async\" src=\"https:\/\/amghs.com.br\/portfolio\/wp-content\/uploads\/elementor\/thumbs\/amghs-icon-white-qf0igxkx6868y39awez2ybvuufmeues32h5i4k7pc0.png\" title=\"amghs-icon-white\" alt=\"amghs-icon-white\" loading=\"lazy\" \/>\t\t\t\t\t\t\t\t\t\t\t\t\t\t\t<\/div>\n\t\t\t\t<\/div>\n\t\t\t\t<\/div>\n\t\t<div class=\"elementor-element elementor-element-51c41e1d e-con-full e-flex e-con e-child\" data-id=\"51c41e1d\" data-element_type=\"container\">\n\t\t\t\t<div class=\"elementor-element elementor-element-604dc771 elementor-widget elementor-widget-text-editor\" data-id=\"604dc771\" data-element_type=\"widget\" data-widget_type=\"text-editor.default\">\n\t\t\t\t<div class=\"elementor-widget-container\">\n\t\t\t\t\t\t\t\t\tDesign by: <a href=\"https:\/\/amghs.com.br\">AMGHs<\/a>\t\t\t\t\t\t\t\t<\/div>\n\t\t\t\t<\/div>\n\t\t\t\t<\/div>\n\t\t\t\t\t<\/div>\n\t\t\t\t<\/div>\n\t\t\t\t<\/div>\n\t\t","protected":false},"excerpt":{"rendered":"<p>*recomendo a visualiza\u00e7\u00e3o em desktop NF Services era uma empresa focada em solu\u00e7\u00f5es de Nota fiscal eletr\u00f4nica que se\u00a0 transformou em Serve,\u00a0 uma empresa que passa oferecer varias solu\u00e7\u00f5es e assim redefini sua identidade para refletir uma abordagem mais abrangente e focada em mais de uma solu\u00e7\u00e3o. Com um olhar atento \u00e0s demandas din\u00e2micas do [&hellip;]<\/p>\n","protected":false},"author":1,"featured_media":0,"parent":0,"menu_order":0,"comment_status":"closed","ping_status":"closed","template":"elementor_canvas","meta":{"footnotes":""},"class_list":["post-535","page","type-page","status-publish","hentry"],"_links":{"self":[{"href":"https:\/\/amghs.com.br\/portfolio\/wp-json\/wp\/v2\/pages\/535","targetHints":{"allow":["GET"]}}],"collection":[{"href":"https:\/\/amghs.com.br\/portfolio\/wp-json\/wp\/v2\/pages"}],"about":[{"href":"https:\/\/amghs.com.br\/portfolio\/wp-json\/wp\/v2\/types\/page"}],"author":[{"embeddable":true,"href":"https:\/\/amghs.com.br\/portfolio\/wp-json\/wp\/v2\/users\/1"}],"replies":[{"embeddable":true,"href":"https:\/\/amghs.com.br\/portfolio\/wp-json\/wp\/v2\/comments?post=535"}],"version-history":[{"count":14,"href":"https:\/\/amghs.com.br\/portfolio\/wp-json\/wp\/v2\/pages\/535\/revisions"}],"predecessor-version":[{"id":619,"href":"https:\/\/amghs.com.br\/portfolio\/wp-json\/wp\/v2\/pages\/535\/revisions\/619"}],"wp:attachment":[{"href":"https:\/\/amghs.com.br\/portfolio\/wp-json\/wp\/v2\/media?parent=535"}],"curies":[{"name":"wp","href":"https:\/\/api.w.org\/{rel}","templated":true}]}}